{"id":53,"date":"2024-09-02T13:21:21","date_gmt":"2024-09-02T13:21:21","guid":{"rendered":"https:\/\/sinuvisioon.ee\/?page_id=53"},"modified":"2026-01-05T03:55:48","modified_gmt":"2026-01-05T03:55:48","slug":"valiskujundus","status":"publish","type":"page","link":"https:\/\/www.sinuvisioon.ee\/en\/valiskujundus\/","title":{"rendered":"exterior design"},"content":{"rendered":"<div data-elementor-type=\"wp-page\" data-elementor-id=\"53\" class=\"elementor elementor-53\" data-elementor-post-type=\"page\">\n\t\t\t\t<div class=\"elementor-element elementor-element-83927ec e-flex e-con-boxed e-con e-parent\" data-id=\"83927ec\" data-element_type=\"container\" data-e-type=\"container\" data-settings=\"{&quot;background_background&quot;:&quot;classic&quot;}\">\n\t\t\t\t\t<div class=\"e-con-inner\">\n\t\t\t\t<div class=\"elementor-element elementor-element-e6b90aa elementor-widget-divider--view-line_text elementor-widget-divider--element-align-center elementor-widget elementor-widget-divider\" data-id=\"e6b90aa\" data-element_type=\"widget\" data-e-type=\"widget\" data-widget_type=\"divider.default\">\n\t\t\t\t<div class=\"elementor-widget-container\">\n\t\t\t\t\t\t\t<div class=\"elementor-divider\">\n\t\t\t<span class=\"elementor-divider-separator\">\n\t\t\t\t\t\t\t<span class=\"elementor-divider__text elementor-divider__element\">\n\t\t\t\tExterior Design\t\t\t\t<\/span>\n\t\t\t\t\t\t<\/span>\n\t\t<\/div>\n\t\t\t\t\t\t<\/div>\n\t\t\t\t<\/div>\n\t\t\t\t<div class=\"elementor-element elementor-element-2141218 elementor-widget elementor-widget-image\" data-id=\"2141218\" data-element_type=\"widget\" data-e-type=\"widget\" data-widget_type=\"image.default\">\n\t\t\t\t<div class=\"elementor-widget-container\">\n\t\t\t\t\t\t\t\t\t\t\t\t\t\t\t<img fetchpriority=\"high\" decoding=\"async\" width=\"768\" height=\"432\" src=\"https:\/\/sinuvisioon.ee\/wp-content\/uploads\/2025\/06\/3-768x432.png\" class=\"attachment-medium_large size-medium_large wp-image-1311\" alt=\"\" srcset=\"https:\/\/sinuvisioon.ee\/wp-content\/uploads\/2025\/06\/3-768x432.png 768w, https:\/\/sinuvisioon.ee\/wp-content\/uploads\/2025\/06\/3-300x169.png 300w, https:\/\/sinuvisioon.ee\/wp-content\/uploads\/2025\/06\/3-1024x576.png 1024w, https:\/\/sinuvisioon.ee\/wp-content\/uploads\/2025\/06\/3-1536x864.png 1536w, https:\/\/sinuvisioon.ee\/wp-content\/uploads\/2025\/06\/3-2048x1152.png 2048w\" sizes=\"(max-width: 768px) 100vw, 768px\" \/>\t\t\t\t\t\t\t\t\t\t\t\t\t\t\t<\/div>\n\t\t\t\t<\/div>\n\t\t\t\t\t<\/div>\n\t\t\t\t<\/div>\n\t\t<div class=\"elementor-element elementor-element-2c88924 e-flex e-con-boxed e-con e-parent\" data-id=\"2c88924\" data-element_type=\"container\" data-e-type=\"container\" data-settings=\"{&quot;background_background&quot;:&quot;gradient&quot;}\">\n\t\t\t\t\t<div class=\"e-con-inner\">\n\t\t<div class=\"elementor-element elementor-element-c4935c3 e-con-full e-flex e-con e-child\" data-id=\"c4935c3\" data-element_type=\"container\" data-e-type=\"container\">\n\t\t\t\t<\/div>\n\t\t<div class=\"elementor-element elementor-element-7c6fccf e-con-full e-flex e-con e-child\" data-id=\"7c6fccf\" data-element_type=\"container\" data-e-type=\"container\">\n\t\t\t\t<div class=\"elementor-element elementor-element-a0de35c elementor-widget elementor-widget-text-editor\" data-id=\"a0de35c\" data-element_type=\"widget\" data-e-type=\"widget\" data-widget_type=\"text-editor.default\">\n\t\t\t\t<div class=\"elementor-widget-container\">\n\t\t\t\t\t\t\t\t\t<p>The exterior design of a home is the first thing people notice. SinuVisioon helps create a bright and welcoming exterior that leaves a positive and lasting impression.<\/p><p>The right color selection highlights the home\u2019s style and uniqueness, while landscaping creates a calm and cohesive atmosphere. Our experts help design a harmonious and aesthetically pleasing exterior that fits both the surrounding environment and your personal preferences.<\/p><p><strong>Why choose 3D exterior design?<\/strong><\/p><ul><li class=\"translation-block\">Various building types: We provide realistic 3D visualizations that clearly show how your idea will come to life\u2014whether it\u2019s a private house, apartment building, summer home, or another type of structure.<\/li><li class=\"translation-block\">Accurate and well-thought-out results: By working with us, you receive a complete solution that meets your expectations for both the building\u2019s exterior and the landscaping.<\/li><li><strong>Clear vision before execution: A 3D solution helps avoid mistakes and provides confidence before construction or renovation begins.<\/strong> 3D-lahendus aitab v\u00e4ltida eksimusi ja annab kindluse enne ehituse v\u00f5i uuendust\u00f6\u00f6de alustamist.<\/li><\/ul><p>\u00a0<\/p><p><strong>What is needed to start the project?<\/strong><\/p><ul><li class=\"translation-block\">A scaled drawing of the building: This can be an architect\u2019s plan or even a hand-drawn sketch. The key is that it gives us a clear understanding of the project\u2019s size, proportions, and overall volume.<\/li><li class=\"translation-block\">Reference images and ideas: Photos, inspiration images, or style references help us better understand your vision and design a solution that matches your preferences.<\/li><\/ul><p>This approach allows us to create a precise, visually appealing 3D exterior design that highlights the best qualities of your home.<\/p>\t\t\t\t\t\t\t\t<\/div>\n\t\t\t\t<\/div>\n\t\t\t\t<\/div>\n\t\t<div class=\"elementor-element elementor-element-d7acd6d e-con-full e-flex e-con e-child\" data-id=\"d7acd6d\" data-element_type=\"container\" data-e-type=\"container\">\n\t\t\t\t<\/div>\n\t\t\t\t\t<\/div>\n\t\t\t\t<\/div>\n\t\t<div class=\"elementor-element elementor-element-e778927 e-flex e-con-boxed e-con e-parent\" data-id=\"e778927\" data-element_type=\"container\" data-e-type=\"container\">\n\t\t\t\t\t<div class=\"e-con-inner\">\n\t\t\t\t<div class=\"elementor-element elementor-element-fbac9df elementor-mobile-align-center elementor-align-center elementor-widget elementor-widget-button\" data-id=\"fbac9df\" data-element_type=\"widget\" data-e-type=\"widget\" data-widget_type=\"button.default\">\n\t\t\t\t<div class=\"elementor-widget-container\">\n\t\t\t\t\t\t\t\t\t<div class=\"elementor-button-wrapper\">\n\t\t\t\t\t<a class=\"elementor-button elementor-button-link elementor-size-sm elementor-animation-shrink\" href=\"https:\/\/www.sinuvisioon.ee\/en\/portfoolio\/\">\n\t\t\t\t\t\t<span class=\"elementor-button-content-wrapper\">\n\t\t\t\t\t\t\t\t\t<span class=\"elementor-button-text\">Portfolio<\/span>\n\t\t\t\t\t<\/span>\n\t\t\t\t\t<\/a>\n\t\t\t\t<\/div>\n\t\t\t\t\t\t\t\t<\/div>\n\t\t\t\t<\/div>\n\t\t\t\t\t<\/div>\n\t\t\t\t<\/div>\n\t\t<div class=\"elementor-element elementor-element-1fe977a e-flex e-con-boxed e-con e-parent\" data-id=\"1fe977a\" data-element_type=\"container\" data-e-type=\"container\">\n\t\t\t\t\t<div class=\"e-con-inner\">\n\t\t\t\t<div class=\"elementor-element elementor-element-d2f4c60 elementor-widget-divider--view-line_icon elementor-view-default elementor-widget-divider--element-align-center elementor-widget elementor-widget-divider\" data-id=\"d2f4c60\" data-element_type=\"widget\" data-e-type=\"widget\" data-widget_type=\"divider.default\">\n\t\t\t\t<div class=\"elementor-widget-container\">\n\t\t\t\t\t\t\t<div class=\"elementor-divider\">\n\t\t\t<span class=\"elementor-divider-separator\">\n\t\t\t\t\t\t\t<div class=\"elementor-icon elementor-divider__element\">\n\t\t\t\t\t<svg aria-hidden=\"true\" class=\"e-font-icon-svg e-fas-grip-lines-vertical\" viewbox=\"0 0 256 512\" xmlns=\"http:\/\/www.w3.org\/2000\/svg\"><path d=\"M96 496V16c0-8.8-7.2-16-16-16H48c-8.8 0-16 7.2-16 16v480c0 8.8 7.2 16 16 16h32c8.8 0 16-7.2 16-16zm128 0V16c0-8.8-7.2-16-16-16h-32c-8.8 0-16 7.2-16 16v480c0 8.8 7.2 16 16 16h32c8.8 0 16-7.2 16-16z\"><\/path><\/svg><\/div>\n\t\t\t\t\t\t<\/span>\n\t\t<\/div>\n\t\t\t\t\t\t<\/div>\n\t\t\t\t<\/div>\n\t\t\t\t\t<\/div>\n\t\t\t\t<\/div>\n\t\t\t\t<\/div>","protected":false},"excerpt":{"rendered":"<p>v\u00e4liskujundus Kodu v\u00e4liskujundus on esimene asi, mida inimesed m\u00e4rkavad. SinuVisioon aitab luua s\u00e4rava ja kutsuva v\u00e4lisilme, mis j\u00e4tab positiivse ja meeldej\u00e4\u00e4va mulje. \u00d5ige v\u00e4rvivalik toob esile kodu stiili ja unikaalsuse, haljastus aga loob rahustava ning tervikliku atmosf\u00e4\u00e4ri. Meie eksperdid aitavad kujundada harmoonilise ja esteetilise v\u00e4liskujunduse, mis sobitub nii \u00fcmbritseva keskkonna kui ka sinu isiklike eelistustega. [&hellip;]<\/p>\n","protected":false},"author":1,"featured_media":0,"parent":0,"menu_order":0,"comment_status":"closed","ping_status":"closed","template":"","meta":{"footnotes":""},"class_list":["post-53","page","type-page","status-publish","hentry"],"_links":{"self":[{"href":"https:\/\/www.sinuvisioon.ee\/en\/wp-json\/wp\/v2\/pages\/53","targetHints":{"allow":["GET"]}}],"collection":[{"href":"https:\/\/www.sinuvisioon.ee\/en\/wp-json\/wp\/v2\/pages"}],"about":[{"href":"https:\/\/www.sinuvisioon.ee\/en\/wp-json\/wp\/v2\/types\/page"}],"author":[{"embeddable":true,"href":"https:\/\/www.sinuvisioon.ee\/en\/wp-json\/wp\/v2\/users\/1"}],"replies":[{"embeddable":true,"href":"https:\/\/www.sinuvisioon.ee\/en\/wp-json\/wp\/v2\/comments?post=53"}],"version-history":[{"count":5,"href":"https:\/\/www.sinuvisioon.ee\/en\/wp-json\/wp\/v2\/pages\/53\/revisions"}],"predecessor-version":[{"id":1568,"href":"https:\/\/www.sinuvisioon.ee\/en\/wp-json\/wp\/v2\/pages\/53\/revisions\/1568"}],"wp:attachment":[{"href":"https:\/\/www.sinuvisioon.ee\/en\/wp-json\/wp\/v2\/media?parent=53"}],"curies":[{"name":"wp","href":"https:\/\/api.w.org\/{rel}","templated":true}]}}