{"id":48,"date":"2024-09-02T13:21:01","date_gmt":"2024-09-02T13:21:01","guid":{"rendered":"https:\/\/sinuvisioon.ee\/?page_id=48"},"modified":"2026-01-01T12:21:31","modified_gmt":"2026-01-01T12:21:31","slug":"sisekujundus","status":"publish","type":"page","link":"https:\/\/www.sinuvisioon.ee\/en\/sisekujundus\/","title":{"rendered":"interior design"},"content":{"rendered":"<div data-elementor-type=\"wp-page\" data-elementor-id=\"48\" class=\"elementor elementor-48\" data-elementor-post-type=\"page\">\n\t\t\t\t<div class=\"elementor-element elementor-element-6dc9357 e-flex e-con-boxed e-con e-parent\" data-id=\"6dc9357\" data-element_type=\"container\" data-e-type=\"container\" data-settings=\"{&quot;background_background&quot;:&quot;classic&quot;}\">\n\t\t\t\t\t<div class=\"e-con-inner\">\n\t\t\t\t<div class=\"elementor-element elementor-element-6205800 elementor-widget-divider--view-line_text elementor-widget-divider--element-align-center elementor-widget elementor-widget-divider\" data-id=\"6205800\" data-element_type=\"widget\" data-e-type=\"widget\" data-widget_type=\"divider.default\">\n\t\t\t\t<div class=\"elementor-widget-container\">\n\t\t\t\t\t\t\t<div class=\"elementor-divider\">\n\t\t\t<span class=\"elementor-divider-separator\">\n\t\t\t\t\t\t\t<span class=\"elementor-divider__text elementor-divider__element\">\n\t\t\t\tInterior Design\t\t\t\t<\/span>\n\t\t\t\t\t\t<\/span>\n\t\t<\/div>\n\t\t\t\t\t\t<\/div>\n\t\t\t\t<\/div>\n\t\t\t\t<div class=\"elementor-element elementor-element-7fbc691 elementor-widget elementor-widget-image\" data-id=\"7fbc691\" data-element_type=\"widget\" data-e-type=\"widget\" data-widget_type=\"image.default\">\n\t\t\t\t<div class=\"elementor-widget-container\">\n\t\t\t\t\t\t\t\t\t\t\t\t\t\t\t<img fetchpriority=\"high\" decoding=\"async\" width=\"800\" height=\"334\" src=\"https:\/\/sinuvisioon.ee\/wp-content\/uploads\/2025\/06\/Slide_2_resize-1024x427.webp\" class=\"attachment-large size-large wp-image-1281\" alt=\"\" srcset=\"https:\/\/sinuvisioon.ee\/wp-content\/uploads\/2025\/06\/Slide_2_resize-1024x427.webp 1024w, https:\/\/sinuvisioon.ee\/wp-content\/uploads\/2025\/06\/Slide_2_resize-300x125.webp 300w, https:\/\/sinuvisioon.ee\/wp-content\/uploads\/2025\/06\/Slide_2_resize-768x320.webp 768w, https:\/\/sinuvisioon.ee\/wp-content\/uploads\/2025\/06\/Slide_2_resize-1536x640.webp 1536w, https:\/\/sinuvisioon.ee\/wp-content\/uploads\/2025\/06\/Slide_2_resize.webp 1920w\" sizes=\"(max-width: 800px) 100vw, 800px\" \/>\t\t\t\t\t\t\t\t\t\t\t\t\t\t\t<\/div>\n\t\t\t\t<\/div>\n\t\t\t\t\t<\/div>\n\t\t\t\t<\/div>\n\t\t<div class=\"elementor-element elementor-element-ab9e31e e-flex e-con-boxed e-con e-parent\" data-id=\"ab9e31e\" data-element_type=\"container\" data-e-type=\"container\" data-settings=\"{&quot;background_background&quot;:&quot;gradient&quot;}\">\n\t\t\t\t\t<div class=\"e-con-inner\">\n\t\t<div class=\"elementor-element elementor-element-8360089 e-con-full e-flex e-con e-child\" data-id=\"8360089\" data-element_type=\"container\" data-e-type=\"container\">\n\t\t\t\t<div class=\"elementor-element elementor-element-1b28c31 elementor-widget elementor-widget-text-editor\" data-id=\"1b28c31\" data-element_type=\"widget\" data-e-type=\"widget\" data-widget_type=\"text-editor.default\">\n\t\t\t\t<div class=\"elementor-widget-container\">\n\t\t\t\t\t\t\t\t\t<p data-start=\"0\" data-end=\"368\" class=\"translation-block\">If you are looking for a clear and well-thought-out way to enhance your home or a specific space, 3D interior design visualisation is the ideal solution. This is a professional 3D visualisation service that results in photorealistic images \u2013 visuals that give you a highly accurate idea of how the space will look in real life.<\/p><p data-start=\"370\" data-end=\"703\" class=\"translation-block\">Working together with our specialists, we create a stylish, functional interior tailored to your needs. We carefully select suitable furniture, materials, colour palettes, and details to ensure the space is not only visually appealing but also practical and comfortable to use. The service is suitable both for furnishing a new home and for refreshing an existing space.<\/p><p data-start=\"705\" data-end=\"802\">With 3D interior design visualisation, we create realistic views of various spaces, such as:<\/p><ul><li data-start=\"805\" data-end=\"814\">living rooms<\/li><li data-start=\"817\" data-end=\"830\">bedrooms<\/li><li data-start=\"833\" data-end=\"841\">kitchens<\/li><li data-start=\"844\" data-end=\"855\">bathrooms<\/li><li data-start=\"858\" data-end=\"887\">children\u2019s rooms and other living areas<\/li><\/ul><p data-start=\"889\" data-end=\"1055\">Photorealistic images allow you to see the final result before any work begins, compare different design options, and make confident decisions without unpleasant surprises.<\/p><h3 data-start=\"1057\" data-end=\"1107\">Why choose 3D interior design visualisation?<\/h3><ul data-start=\"1108\" data-end=\"1616\"><li data-start=\"1108\" data-end=\"1237\"><p data-start=\"1110\" data-end=\"1237\" class=\"translation-block\">More design options: We can test different styles, colour schemes, and furniture layouts until we find the perfect solution for you.<\/p><\/li><li data-start=\"1238\" data-end=\"1360\"><p data-start=\"1240\" data-end=\"1360\" class=\"translation-block\">Time-efficient: You avoid long searches and real-life trial and error \u2013 everything becomes clear before purchases and construction begin.<\/p><\/li><li data-start=\"1361\" data-end=\"1517\"><p data-start=\"1363\" data-end=\"1517\" class=\"translation-block\">Cost-effective: You save money by avoiding unsuitable furniture and materials. We offer solutions that match your wishes and your budget.<\/p><\/li><li data-start=\"1518\" data-end=\"1616\"><p data-start=\"1520\" data-end=\"1616\" class=\"translation-block\">Clarity and confidence: You know exactly how the space will look before investing time and money.<\/p><\/li><\/ul><h3 data-start=\"1618\" data-end=\"1682\">What is needed to start a 3D interior design visualisation?<\/h3><ul data-start=\"1683\" data-end=\"2020\"><li data-start=\"1683\" data-end=\"1832\"><p data-start=\"1685\" data-end=\"1832\" class=\"translation-block\">A scaled floor plan of the space \u2013 a hand-drawn plan is also suitable, as long as it clearly shows the dimensions and proportions of the room.<\/p><\/li><li data-start=\"1833\" data-end=\"2020\"><p data-start=\"1835\" data-end=\"2020\" class=\"translation-block\">Reference images and inspiration \u2013 photos of interiors, furniture, or details you like. These help us understand the style, atmosphere, and solutions you want to explore.<\/p><\/li><\/ul><p data-start=\"2022\" data-end=\"2179\" data-is-last-node=\"\" data-is-only-node=\"\">Based on this input, we create professional 3D visuals that help you make informed decisions and take your interior design to the next level.<\/p>\t\t\t\t\t\t\t\t<\/div>\n\t\t\t\t<\/div>\n\t\t<div class=\"elementor-element elementor-element-371552f e-con-full e-flex e-con e-child\" data-id=\"371552f\" data-element_type=\"container\" data-e-type=\"container\">\n\t\t\t\t<div class=\"elementor-element elementor-element-7c83579 elementor-mobile-align-center elementor-widget elementor-widget-button\" data-id=\"7c83579\" data-element_type=\"widget\" data-e-type=\"widget\" data-widget_type=\"button.default\">\n\t\t\t\t<div class=\"elementor-widget-container\">\n\t\t\t\t\t\t\t\t\t<div class=\"elementor-button-wrapper\">\n\t\t\t\t\t<a class=\"elementor-button elementor-button-link elementor-size-sm elementor-animation-shrink\" href=\"https:\/\/www.sinuvisioon.ee\/en\/portfoolio\/\">\n\t\t\t\t\t\t<span class=\"elementor-button-content-wrapper\">\n\t\t\t\t\t\t\t\t\t<span class=\"elementor-button-text\">Portfolio<\/span>\n\t\t\t\t\t<\/span>\n\t\t\t\t\t<\/a>\n\t\t\t\t<\/div>\n\t\t\t\t\t\t\t\t<\/div>\n\t\t\t\t<\/div>\n\t\t\t\t<\/div>\n\t\t\t\t<\/div>\n\t\t\t\t\t<\/div>\n\t\t\t\t<\/div>\n\t\t<div class=\"elementor-element elementor-element-66d5319 e-flex e-con-boxed e-con e-parent\" data-id=\"66d5319\" data-element_type=\"container\" data-e-type=\"container\">\n\t\t\t\t\t<div class=\"e-con-inner\">\n\t\t\t\t<div class=\"elementor-element elementor-element-2e2b115 elementor-widget-divider--view-line_icon elementor-view-default elementor-widget-divider--element-align-center elementor-widget elementor-widget-divider\" data-id=\"2e2b115\" data-element_type=\"widget\" data-e-type=\"widget\" data-widget_type=\"divider.default\">\n\t\t\t\t<div class=\"elementor-widget-container\">\n\t\t\t\t\t\t\t<div class=\"elementor-divider\">\n\t\t\t<span class=\"elementor-divider-separator\">\n\t\t\t\t\t\t\t<div class=\"elementor-icon elementor-divider__element\">\n\t\t\t\t\t<svg aria-hidden=\"true\" class=\"e-font-icon-svg e-fas-grip-lines-vertical\" viewbox=\"0 0 256 512\" xmlns=\"http:\/\/www.w3.org\/2000\/svg\"><path d=\"M96 496V16c0-8.8-7.2-16-16-16H48c-8.8 0-16 7.2-16 16v480c0 8.8 7.2 16 16 16h32c8.8 0 16-7.2 16-16zm128 0V16c0-8.8-7.2-16-16-16h-32c-8.8 0-16 7.2-16 16v480c0 8.8 7.2 16 16 16h32c8.8 0 16-7.2 16-16z\"><\/path><\/svg><\/div>\n\t\t\t\t\t\t<\/span>\n\t\t<\/div>\n\t\t\t\t\t\t<\/div>\n\t\t\t\t<\/div>\n\t\t\t\t\t<\/div>\n\t\t\t\t<\/div>\n\t\t\t\t<\/div>","protected":false},"excerpt":{"rendered":"<p>sisekujundus Kui otsid kindlat ja l\u00e4bim\u00f5eldud viisi, kuidas oma kodu v\u00f5i konkreetset ruumi t\u00e4iustada, on 3D sisekujunduse visualiseerimise teenus ideaalne lahendus. Tegemist on professionaalse 3D visualiseerimisteenusega, mille l\u00f5pptulemuseks on fotorealistlikud pildid \u2013 sellised, mis annavad v\u00e4ga t\u00e4pse ettekujutuse sellest, milline ruum p\u00e4riselus v\u00e4lja n\u00e4gema hakkab. Koost\u00f6\u00f6s meie spetsialistidega loome stiilse, funktsionaalse ja sinu vajadustele vastava [&hellip;]<\/p>\n","protected":false},"author":1,"featured_media":0,"parent":0,"menu_order":0,"comment_status":"closed","ping_status":"closed","template":"","meta":{"footnotes":""},"class_list":["post-48","page","type-page","status-publish","hentry"],"_links":{"self":[{"href":"https:\/\/www.sinuvisioon.ee\/en\/wp-json\/wp\/v2\/pages\/48","targetHints":{"allow":["GET"]}}],"collection":[{"href":"https:\/\/www.sinuvisioon.ee\/en\/wp-json\/wp\/v2\/pages"}],"about":[{"href":"https:\/\/www.sinuvisioon.ee\/en\/wp-json\/wp\/v2\/types\/page"}],"author":[{"embeddable":true,"href":"https:\/\/www.sinuvisioon.ee\/en\/wp-json\/wp\/v2\/users\/1"}],"replies":[{"embeddable":true,"href":"https:\/\/www.sinuvisioon.ee\/en\/wp-json\/wp\/v2\/comments?post=48"}],"version-history":[{"count":5,"href":"https:\/\/www.sinuvisioon.ee\/en\/wp-json\/wp\/v2\/pages\/48\/revisions"}],"predecessor-version":[{"id":1564,"href":"https:\/\/www.sinuvisioon.ee\/en\/wp-json\/wp\/v2\/pages\/48\/revisions\/1564"}],"wp:attachment":[{"href":"https:\/\/www.sinuvisioon.ee\/en\/wp-json\/wp\/v2\/media?parent=48"}],"curies":[{"name":"wp","href":"https:\/\/api.w.org\/{rel}","templated":true}]}}